{"id":58,"date":"2018-11-27T09:17:08","date_gmt":"2018-11-27T09:17:08","guid":{"rendered":"http:\/\/full-moon-gallery.de\/about\/"},"modified":"2026-01-19T12:59:33","modified_gmt":"2026-01-19T12:59:33","slug":"about","status":"publish","type":"page","link":"https:\/\/full-moon-gallery.de\/de\/about\/","title":{"rendered":"\u00dcber uns"},"content":{"rendered":"<div data-elementor-type=\"wp-post\" data-elementor-id=\"58\" class=\"elementor elementor-58\">\n\t\t\t\t\t\t<section class=\"elementor-section elementor-top-section elementor-element elementor-element-dcf1524 elementor-section-full_width elementor-section-height-min-height elementor-hidden-mobile elementor-section-height-default elementor-section-items-middle wpr-particle-no wpr-jarallax-no wpr-parallax-no wpr-sticky-section-no\" data-id=\"dcf1524\" data-element_type=\"section\" data-settings=\"{&quot;background_background&quot;:&quot;classic&quot;}\">\n\t\t\t\t\t\t\t<div class=\"elementor-background-overlay\"><\/div>\n\t\t\t\t\t\t\t<div class=\"elementor-container elementor-column-gap-default\">\n\t\t\t\t\t<div class=\"elementor-column elementor-col-100 elementor-top-column elementor-element elementor-element-0de704c\" data-id=\"0de704c\" data-element_type=\"column\">\n\t\t\t<div class=\"elementor-widget-wrap elementor-element-populated\">\n\t\t\t\t\t\t<div class=\"elementor-element elementor-element-511327b elementor-widget elementor-widget-spacer\" data-id=\"511327b\" data-element_type=\"widget\" data-widget_type=\"spacer.default\">\n\t\t\t\t<div class=\"elementor-widget-container\">\n\t\t\t\t\t<div class=\"elementor-spacer\">\n\t\t\t<div class=\"elementor-spacer-inner\"><\/div>\n\t\t<\/div>\n\t\t\t\t<\/div>\n\t\t\t\t<\/div>\n\t\t\t\t\t<\/div>\n\t\t<\/div>\n\t\t\t\t\t<\/div>\n\t\t<\/section>\n\t\t\t\t<section class=\"elementor-section elementor-top-section elementor-element elementor-element-1850c9a elementor-section-boxed elementor-section-height-default elementor-section-height-default wpr-particle-no wpr-jarallax-no wpr-parallax-no wpr-sticky-section-no\" data-id=\"1850c9a\" data-element_type=\"section\" data-settings=\"{&quot;background_background&quot;:&quot;classic&quot;}\">\n\t\t\t\t\t\t<div class=\"elementor-container elementor-column-gap-default\">\n\t\t\t\t\t<div class=\"elementor-column elementor-col-100 elementor-top-column elementor-element elementor-element-bba962d\" data-id=\"bba962d\" data-element_type=\"column\">\n\t\t\t<div class=\"elementor-widget-wrap elementor-element-populated\">\n\t\t\t\t\t\t<div class=\"elementor-element elementor-element-b614530 elementor-widget-divider--view-line elementor-widget elementor-widget-divider\" data-id=\"b614530\" data-element_type=\"widget\" data-widget_type=\"divider.default\">\n\t\t\t\t<div class=\"elementor-widget-container\">\n\t\t\t\t\t<div class=\"elementor-divider\">\n\t\t\t<span class=\"elementor-divider-separator\">\n\t\t\t\t\t\t<\/span>\n\t\t<\/div>\n\t\t\t\t<\/div>\n\t\t\t\t<\/div>\n\t\t\t\t<div class=\"elementor-element elementor-element-e7f8063 elementor-widget elementor-widget-text-editor\" data-id=\"e7f8063\" data-element_type=\"widget\" data-widget_type=\"text-editor.default\">\n\t\t\t\t<div class=\"elementor-widget-container\">\n\t\t\t\t\t\t\t<p>Die Full Moon Gallery ist eine Initiative des Jugend- &amp; Kulturprojekt e.V. - JKPeV und befindet sich in einem Raum, in dem tags\u00fcber soziokulturelle und p\u00e4dagogische Projekte entworfen, geplant und durchgef\u00fchrt werden. Wenn jedoch die Nacht kommt und vom Vollmond erhellt wird, \u00f6ffnen sich die gro\u00dfen Fenster des Raumes und laden dazu ein, eine Vollmondnacht voller Kunst und Kreativit\u00e4t zu genie\u00dfen.<\/p><p>Das JKPeV-Team besteht aus Projekt- und VeranstaltungsmanagerInnen, Sozial- und PolitikwissenschaftlerInnen, KulturmanagerInnen, SoziologInnen, JugendarbeiterInnen, ForscherInnen, bildenden K\u00fcnstlerInnen, GrafikerInnen und FilmemacherInnen, die Dresden zu einem besseren Ort zum Leben, Wachsen, Schaffen und friedlichen Zusammenleben machen wollen.\nDie Full Moon Gallery ist ein Raum des freien Ausdrucks, in dem lokale und internationale bildende K\u00fcnstlerInnen die M\u00f6glichkeit haben, ihre Botschaften zu vermitteln und ihre Erfahrungen, Anliegen und Ideen durch ihre Kunstwerke zu teilen.<\/p><p>\u00a0<\/p>\t\t\t\t\t\t<\/div>\n\t\t\t\t<\/div>\n\t\t\t\t\t<\/div>\n\t\t<\/div>\n\t\t\t\t\t<\/div>\n\t\t<\/section>\n\t\t\t\t<section class=\"elementor-section elementor-top-section elementor-element elementor-element-965bd36 elementor-section-boxed elementor-section-height-default elementor-section-height-default wpr-particle-no wpr-jarallax-no wpr-parallax-no wpr-sticky-section-no\" data-id=\"965bd36\" data-element_type=\"section\" data-settings=\"{&quot;background_background&quot;:&quot;classic&quot;}\">\n\t\t\t\t\t\t<div class=\"elementor-container elementor-column-gap-default\">\n\t\t\t\t\t<div class=\"elementor-column elementor-col-100 elementor-top-column elementor-element elementor-element-172052e\" data-id=\"172052e\" data-element_type=\"column\">\n\t\t\t<div class=\"elementor-widget-wrap elementor-element-populated\">\n\t\t\t\t\t\t<div class=\"elementor-element elementor-element-cd48ebc elementor-widget elementor-widget-text-editor\" data-id=\"cd48ebc\" data-element_type=\"widget\" data-widget_type=\"text-editor.default\">\n\t\t\t\t<div class=\"elementor-widget-container\">\n\t\t\t\t\t\t\t<p>Das JKPeV-Team w\u00e4hlt K\u00fcnstler aus, die sich von den Geschehnissen in unserer Welt inspirieren lassen und durch ihre einzigartige Kunst auf ihre eigene Art interpretieren. Auf diese Weise haben Einheimische die M\u00f6glichkeit, die Arbeit lokaler und internationaler bildender K\u00fcnstler kennen zu lernen, deren Hauptziel es ist, ihre Erfahrungen und Anliegen mit dem lokalen Publikum Dresdens zu teilen, mit der Vision Dresden zu einer offenen, dynamischen, inspirierenden und multikulturellen Stadt zu machen. <br><\/p>\n<p>Join the Full Moon Gallery Experience and feel the magic touch of art! Enjoy a mesmerizing journey through the world of art on a full-moon night. <\/p>\n<p><\/p><br>\t\t\t\t\t\t<\/div>\n\t\t\t\t<\/div>\n\t\t\t\t\t<\/div>\n\t\t<\/div>\n\t\t\t\t\t<\/div>\n\t\t<\/section>\n\t\t\t\t<section class=\"elementor-section elementor-top-section elementor-element elementor-element-028fcbf elementor-section-boxed elementor-section-height-default elementor-section-height-default wpr-particle-no wpr-jarallax-no wpr-parallax-no wpr-sticky-section-no\" data-id=\"028fcbf\" data-element_type=\"section\" data-settings=\"{&quot;background_background&quot;:&quot;classic&quot;}\">\n\t\t\t\t\t\t\t<div class=\"elementor-background-overlay\"><\/div>\n\t\t\t\t\t\t\t<div class=\"elementor-container elementor-column-gap-default\">\n\t\t\t\t\t<div class=\"elementor-column elementor-col-33 elementor-top-column elementor-element elementor-element-37e3c31\" data-id=\"37e3c31\" data-element_type=\"column\">\n\t\t\t<div class=\"elementor-widget-wrap\">\n\t\t\t\t\t\t\t<\/div>\n\t\t<\/div>\n\t\t\t\t<div class=\"elementor-column elementor-col-33 elementor-top-column elementor-element elementor-element-36030c1\" data-id=\"36030c1\" data-element_type=\"column\">\n\t\t\t<div class=\"elementor-widget-wrap elementor-element-populated\">\n\t\t\t\t\t\t\t<\/div>\n\t\t<\/div>\n\t\t\t\t<div class=\"elementor-column elementor-col-33 elementor-top-column elementor-element elementor-element-649eb5c\" data-id=\"649eb5c\" data-element_type=\"column\">\n\t\t\t<div class=\"elementor-widget-wrap\">\n\t\t\t\t\t\t\t<\/div>\n\t\t<\/div>\n\t\t\t\t\t<\/div>\n\t\t<\/section>\n\t\t\t\t<section class=\"elementor-section elementor-top-section elementor-element elementor-element-6f5a6e4 elementor-section-boxed elementor-section-height-default elementor-section-height-default wpr-particle-no wpr-jarallax-no wpr-parallax-no wpr-sticky-section-no\" data-id=\"6f5a6e4\" data-element_type=\"section\" data-settings=\"{&quot;background_background&quot;:&quot;classic&quot;}\">\n\t\t\t\t\t\t<div class=\"elementor-container elementor-column-gap-default\">\n\t\t\t\t\t<div class=\"elementor-column elementor-col-100 elementor-top-column elementor-element elementor-element-e4dc7f7\" data-id=\"e4dc7f7\" data-element_type=\"column\">\n\t\t\t<div class=\"elementor-widget-wrap elementor-element-populated\">\n\t\t\t\t\t\t<div class=\"elementor-element elementor-element-cb687fd elementor-widget elementor-widget-spacer\" data-id=\"cb687fd\" data-element_type=\"widget\" data-widget_type=\"spacer.default\">\n\t\t\t\t<div class=\"elementor-widget-container\">\n\t\t\t\t\t<div class=\"elementor-spacer\">\n\t\t\t<div class=\"elementor-spacer-inner\"><\/div>\n\t\t<\/div>\n\t\t\t\t<\/div>\n\t\t\t\t<\/div>\n\t\t\t\t<div class=\"elementor-element elementor-element-e40dec4 elementor-align-center elementor-invisible elementor-widget elementor-widget-button\" data-id=\"e40dec4\" data-element_type=\"widget\" data-settings=\"{&quot;_animation&quot;:&quot;pulse&quot;,&quot;_animation_delay&quot;:400}\" data-widget_type=\"button.default\">\n\t\t\t\t<div class=\"elementor-widget-container\">\n\t\t\t\t\t<div class=\"elementor-button-wrapper\">\n\t\t\t<a class=\"elementor-button elementor-button-link elementor-size-xl elementor-animation-grow\" href=\"https:\/\/www.facebook.com\/Full-Moon-Gallery-108708950917848\">\n\t\t\t\t\t\t<span class=\"elementor-button-content-wrapper\">\n\t\t\t\t\t\t<span class=\"elementor-button-icon elementor-align-icon-right\">\n\t\t\t\t<i aria-hidden=\"true\" class=\"fab fa-facebook\"><\/i>\t\t\t<\/span>\n\t\t\t\t\t\t\t\t\t<span class=\"elementor-button-text\">Follow us on Facebook<\/span>\n\t\t\t\t\t<\/span>\n\t\t\t\t\t<\/a>\n\t\t<\/div>\n\t\t\t\t<\/div>\n\t\t\t\t<\/div>\n\t\t\t\t<div class=\"elementor-element elementor-element-3ebc87a elementor-widget elementor-widget-spacer\" data-id=\"3ebc87a\" data-element_type=\"widget\" data-widget_type=\"spacer.default\">\n\t\t\t\t<div class=\"elementor-widget-container\">\n\t\t\t\t\t<div class=\"elementor-spacer\">\n\t\t\t<div class=\"elementor-spacer-inner\"><\/div>\n\t\t<\/div>\n\t\t\t\t<\/div>\n\t\t\t\t<\/div>\n\t\t\t\t\t<\/div>\n\t\t<\/div>\n\t\t\t\t\t<\/div>\n\t\t<\/section>\n\t\t\t\t<\/div>","protected":false},"excerpt":{"rendered":"<p>Full Moon Gallery is an initiative of Jugend- &amp; Kulturprojekt e.V. \u2013 JKPeV team, housed in its space, where sociocultural and educational projects are designed, planned and implemented during the day, but when the full moon night comes, the big windows of the space open and welcome you to enjoy a night full of art and creativity bathed in the full-moonlight. We, the JKPeV team, are a group of visionaries from different age groups, cultural- and education backgrounds but with the same mindset having one common goal; to make our community a better place to live and grow by contributing to Dresden&#8217;s cultural enrichment fostering diversity, mutual understanding, inclusion and openness. We want to make Dresden and specifically our district, Hechtviertel, a colourful and open place where everyone is and feels welcome to be an active member of this community. Arts, culture and education are the main elements of our work. All our actions and projects involve cross-cultural dialogue, artistic approaches and non-formal learning methods. Our team is diverse; from project- and event managers, social and political scientists, to cultural managers, sociologists, youth workers, visual artists, graphic designers and cinematographers. \u00a0 Full Moon Gallery is an exhibition space in the Hechtviertel of Dresden which welcomes emergent as well as established local and international artists to display their work and thus, to enter into dialogue with the local community of Dresden. They are encouraged to share their ideas, concerns and visions through their artistic work (painting, photography, drawing, calligraphy, collage, engraving etc.). On the other hand, locals from Dresden who are into arts and culture, have the&nbsp; chance to join the Full Moon Gallery&#8217;s art exhibitions and find out remarkable works made by artists who might live next to them but have never had the opportunity to learn about their work. Join the Full Moon Gallery Experience and feel the magic touch of art! Enjoy a mesmerizing journey through the world of art on a full-moon night. Follow us on Facebook<\/p>","protected":false},"author":1,"featured_media":0,"parent":0,"menu_order":0,"comment_status":"closed","ping_status":"closed","template":"","meta":{"site-sidebar-layout":"no-sidebar","site-content-layout":"page-builder","ast-site-content-layout":"default","site-content-style":"default","site-sidebar-style":"default","ast-global-header-display":"","ast-banner-title-visibility":"","ast-main-header-display":"","ast-hfb-above-header-display":"","ast-hfb-below-header-display":"","ast-hfb-mobile-header-display":"","site-post-title":"disabled","ast-breadcrumbs-content":"","ast-featured-img":"disabled","footer-sml-layout":"","ast-disable-related-posts":"","theme-transparent-header-meta":"enabled","adv-header-id-meta":"","stick-header-meta":"","header-above-stick-meta":"","header-main-stick-meta":"","header-below-stick-meta":"","astra-migrate-meta-layouts":"default","ast-page-background-enabled":"default","ast-page-background-meta":{"desktop":{"background-color":"","background-image":"","background-repeat":"repeat","background-position":"center center","background-size":"auto","background-attachment":"scroll","background-type":"","background-media":"","overlay-type":"","overlay-color":"","overlay-opacity":"","overlay-gradient":""},"tablet":{"background-color":"","background-image":"","background-repeat":"repeat","background-position":"center center","background-size":"auto","background-attachment":"scroll","background-type":"","background-media":"","overlay-type":"","overlay-color":"","overlay-opacity":"","overlay-gradient":""},"mobile":{"background-color":"","background-image":"","background-repeat":"repeat","background-position":"center center","background-size":"auto","background-attachment":"scroll","background-type":"","background-media":"","overlay-type":"","overlay-color":"","overlay-opacity":"","overlay-gradient":""}},"ast-content-background-meta":{"desktop":{"background-color":"var(--ast-global-color-5)","background-image":"","background-repeat":"repeat","background-position":"center center","background-size":"auto","background-attachment":"scroll","background-type":"","background-media":"","overlay-type":"","overlay-color":"","overlay-opacity":"","overlay-gradient":""},"tablet":{"background-color":"var(--ast-global-color-5)","background-image":"","background-repeat":"repeat","background-position":"center center","background-size":"auto","background-attachment":"scroll","background-type":"","background-media":"","overlay-type":"","overlay-color":"","overlay-opacity":"","overlay-gradient":""},"mobile":{"background-color":"var(--ast-global-color-5)","background-image":"","background-repeat":"repeat","background-position":"center center","background-size":"auto","background-attachment":"scroll","background-type":"","background-media":"","overlay-type":"","overlay-color":"","overlay-opacity":"","overlay-gradient":""}}},"_links":{"self":[{"href":"https:\/\/full-moon-gallery.de\/de\/wp-json\/wp\/v2\/pages\/58"}],"collection":[{"href":"https:\/\/full-moon-gallery.de\/de\/wp-json\/wp\/v2\/pages"}],"about":[{"href":"https:\/\/full-moon-gallery.de\/de\/wp-json\/wp\/v2\/types\/page"}],"author":[{"embeddable":true,"href":"https:\/\/full-moon-gallery.de\/de\/wp-json\/wp\/v2\/users\/1"}],"replies":[{"embeddable":true,"href":"https:\/\/full-moon-gallery.de\/de\/wp-json\/wp\/v2\/comments?post=58"}],"version-history":[{"count":10,"href":"https:\/\/full-moon-gallery.de\/de\/wp-json\/wp\/v2\/pages\/58\/revisions"}],"predecessor-version":[{"id":6198,"href":"https:\/\/full-moon-gallery.de\/de\/wp-json\/wp\/v2\/pages\/58\/revisions\/6198"}],"wp:attachment":[{"href":"https:\/\/full-moon-gallery.de\/de\/wp-json\/wp\/v2\/media?parent=58"}],"curies":[{"name":"wp","href":"https:\/\/api.w.org\/{rel}","templated":true}]}}