{"id":57,"date":"2018-11-27T09:16:54","date_gmt":"2018-11-27T09:16:54","guid":{"rendered":"http:\/\/full-moon-gallery.de\/home\/"},"modified":"2026-03-25T12:09:14","modified_gmt":"2026-03-25T12:09:14","slug":"home","status":"publish","type":"page","link":"https:\/\/full-moon-gallery.de\/de\/","title":{"rendered":"Start"},"content":{"rendered":"<div data-elementor-type=\"wp-page\" data-elementor-id=\"57\" class=\"elementor elementor-57\">\n\t\t\t\t\t\t<section class=\"elementor-section elementor-top-section elementor-element elementor-element-c50838b elementor-section-full_width elementor-section-height-min-height elementor-section-height-default elementor-section-items-middle wpr-particle-no wpr-jarallax-no wpr-parallax-no wpr-sticky-section-no\" data-id=\"c50838b\" data-element_type=\"section\" data-settings=\"{&quot;background_background&quot;:&quot;video&quot;,&quot;background_video_link&quot;:&quot;https:\\\/\\\/youtu.be\\\/D0X2H4uPApY&quot;,&quot;background_play_on_mobile&quot;:&quot;yes&quot;}\">\n\t\t\t\t\t\t\t\t<div class=\"elementor-background-video-container\">\n\t\t\t\t\t\t\t\t\t\t\t\t\t<div class=\"elementor-background-video-embed\"><\/div>\n\t\t\t\t\t\t\t\t\t\t\t\t<\/div>\n\t\t\t\t\t\t\t\t\t<div class=\"elementor-background-overlay\"><\/div>\n\t\t\t\t\t\t\t<div class=\"elementor-container elementor-column-gap-default\">\n\t\t\t\t\t<div class=\"elementor-column elementor-col-100 elementor-top-column elementor-element elementor-element-55b0429\" data-id=\"55b0429\" data-element_type=\"column\">\n\t\t\t<div class=\"elementor-widget-wrap elementor-element-populated\">\n\t\t\t\t\t\t<div class=\"elementor-element elementor-element-9535512 elementor-align-center elementor-widget elementor-widget-button\" data-id=\"9535512\" data-element_type=\"widget\" data-widget_type=\"button.default\">\n\t\t\t\t<div class=\"elementor-widget-container\">\n\t\t\t\t\t<div class=\"elementor-button-wrapper\">\n\t\t\t<a class=\"elementor-button elementor-button-link elementor-size-sm\" href=\"https:\/\/full-moon-gallery.de\/de\/aktuelle-ausstellung-2\/\">\n\t\t\t\t\t\t<span class=\"elementor-button-content-wrapper\">\n\t\t\t\t\t\t\t\t\t<span class=\"elementor-button-text\">EXHIBITIONS<\/span>\n\t\t\t\t\t<\/span>\n\t\t\t\t\t<\/a>\n\t\t<\/div>\n\t\t\t\t<\/div>\n\t\t\t\t<\/div>\n\t\t\t\t\t<\/div>\n\t\t<\/div>\n\t\t\t\t\t<\/div>\n\t\t<\/section>\n\t\t\t\t<section class=\"elementor-section elementor-top-section elementor-element elementor-element-268b2c1 elementor-section-boxed elementor-section-height-default elementor-section-height-default wpr-particle-no wpr-jarallax-no wpr-parallax-no wpr-sticky-section-no\" data-id=\"268b2c1\" data-element_type=\"section\" data-settings=\"{&quot;background_background&quot;:&quot;classic&quot;}\">\n\t\t\t\t\t\t<div class=\"elementor-container elementor-column-gap-default\">\n\t\t\t\t\t<div class=\"elementor-column elementor-col-100 elementor-top-column elementor-element elementor-element-91c5abf\" data-id=\"91c5abf\" data-element_type=\"column\">\n\t\t\t<div class=\"elementor-widget-wrap elementor-element-populated\">\n\t\t\t\t\t\t<div class=\"elementor-element elementor-element-5d05eca elementor-widget elementor-widget-spacer\" data-id=\"5d05eca\" data-element_type=\"widget\" data-widget_type=\"spacer.default\">\n\t\t\t\t<div class=\"elementor-widget-container\">\n\t\t\t\t\t<div class=\"elementor-spacer\">\n\t\t\t<div class=\"elementor-spacer-inner\"><\/div>\n\t\t<\/div>\n\t\t\t\t<\/div>\n\t\t\t\t<\/div>\n\t\t\t\t<div class=\"elementor-element elementor-element-e662023 elementor-widget elementor-widget-heading\" data-id=\"e662023\" data-element_type=\"widget\" data-widget_type=\"heading.default\">\n\t\t\t\t<div class=\"elementor-widget-container\">\n\t\t\t<h2 class=\"elementor-heading-title elementor-size-default\">Full Moon Gallery<\/h2>\t\t<\/div>\n\t\t\t\t<\/div>\n\t\t\t\t<div class=\"elementor-element elementor-element-ca40cb4 elementor-widget elementor-widget-text-editor\" data-id=\"ca40cb4\" data-element_type=\"widget\" data-widget_type=\"text-editor.default\">\n\t\t\t\t<div class=\"elementor-widget-container\">\n\t\t\t\t\t\t\t<p>Initieted by Jugend- &amp; Kulturprojekt e.V.<\/p>\t\t\t\t\t\t<\/div>\n\t\t\t\t<\/div>\n\t\t\t\t<div class=\"elementor-element elementor-element-fb907e3 elementor-widget elementor-widget-text-editor\" data-id=\"fb907e3\" data-element_type=\"widget\" data-widget_type=\"text-editor.default\">\n\t\t\t\t<div class=\"elementor-widget-container\">\n\t\t\t\t\t\t\t<p>Die FULL MOON GALLERY ist ein Kunstraum im Hechtviertel in Dresden, welcher vom Jugend- &amp; Kulturprojekt e.V. 2020 mit der Absicht initiiert wurde, einen Raum und eine Umgebung zu kreieren, die es lokalen und internationalen bildenden K\u00fcnstlerInnen erm\u00f6glicht, ihre Werke auf innovative Weise zu pr\u00e4sentieren. Als lebendiger Ausstellungsort widmet sich die FULL MOON GALLERY durch die Produktion, Pr\u00e4sentation und Vermittlung zeitgen\u00f6ssischer progressiver Kunst zentralen Fragen der Gegenwart. Der thematische Fokus liegt dabei vor allem auf der Ber\u00fccksichtigung von Diversit\u00e4t, Internationalit\u00e4t und lokalen Bez\u00fcgen. Gezeigt werden monatlich wechselnde Einzel-, Gruppen- und Themenausstellungen zu aktuellen kulturellen und sozialen Prozessen in Auseinandersetzung mit den zeitgen\u00f6ssischen K\u00fcnsten. Der Vollmond als elementares und titelgebendes Element der Galerie bestimmt das Er\u00f6ffnungsdatum einer jeden Ausstellung. Immer zum Vollmond l\u00e4dt die FULL MOON GALLERY zu einer \u00f6ffentlichen Vernissage ein, in der die Fenster als essenzieller Kunstraum dienen. Rund um die Uhr und f\u00fcr jeder Zeit frei zug\u00e4nglich werden zeitgen\u00f6ssische Kunstwerke in den neun gro\u00dfen beleuchteten Schaufenstern der Au\u00dfenwelt pr\u00e4sentiert.<\/p><p>Unter der k\u00fcnstlerischen Leitung von Stefan Kiehne zeigt die FULL MOON GALLERY stets Ausstellungen, die sich aus dem Bestreben entwickeln, zeitgen\u00f6ssische und gesellschaftspolitische Themen wider zu spiegeln. Die Galerie versteht sich dabei als sozialer Raum, der die Reflexion und den Austausch zwischen verschiedenen AkteurInnen und Kulturen erm\u00f6glicht und seine BesucherInnen kontinuierlich herausfordert. Mit zw\u00f6lf Ausstellungen pro Jahr, die Gem\u00e4lde, Zeichnungen, Fotografien, Collagen, Skulpturen, Filme, Installationen sowie Performances, Street Art und Konzeptkunst umfassen, hat sich die FULL MOON GALLERY in Dresden fest im Spektrum zeitgen\u00f6ssischer Kunst verankert.<\/p>\t\t\t\t\t\t<\/div>\n\t\t\t\t<\/div>\n\t\t\t\t\t<\/div>\n\t\t<\/div>\n\t\t\t\t\t<\/div>\n\t\t<\/section>\n\t\t\t\t<section class=\"elementor-section elementor-top-section elementor-element elementor-element-54de19b elementor-section-boxed elementor-section-height-default elementor-section-height-default wpr-particle-no wpr-jarallax-no wpr-parallax-no wpr-sticky-section-no\" data-id=\"54de19b\" data-element_type=\"section\" data-settings=\"{&quot;background_background&quot;:&quot;classic&quot;}\">\n\t\t\t\t\t\t\t<div class=\"elementor-background-overlay\"><\/div>\n\t\t\t\t\t\t\t<div class=\"elementor-container elementor-column-gap-default\">\n\t\t\t\t\t<div class=\"elementor-column elementor-col-100 elementor-top-column elementor-element elementor-element-23a13b5\" data-id=\"23a13b5\" data-element_type=\"column\">\n\t\t\t<div class=\"elementor-widget-wrap elementor-element-populated\">\n\t\t\t\t\t\t<div class=\"elementor-element elementor-element-bd316da elementor-widget elementor-widget-heading\" data-id=\"bd316da\" data-element_type=\"widget\" data-widget_type=\"heading.default\">\n\t\t\t\t<div class=\"elementor-widget-container\">\n\t\t\t<h2 class=\"elementor-heading-title elementor-size-default\">eXHIBITIONS<\/h2>\t\t<\/div>\n\t\t\t\t<\/div>\n\t\t\t\t<div class=\"elementor-element elementor-element-4f16085 elementor-hidden-tablet elementor-hidden-mobile elementor-widget elementor-widget-sina_posts_carousel\" data-id=\"4f16085\" data-element_type=\"widget\" data-widget_type=\"sina_posts_carousel.default\">\n\t\t\t\t<div class=\"elementor-widget-container\">\n\t\t\t\t\t\t<div class=\"sina-posts-carousel owl-carousel\"\r\n\t\t\tdata-item-lg=\"2\"\r\n\t\t\tdata-item-md=\"2\"\r\n\t\t\tdata-item-sm=\"1\"\r\n\t\t\tdata-autoplay=\"yes\"\r\n\t\t\tdata-pause=\"yes\"\r\n\t\t\tdata-center=\"\"\r\n\t\t\tdata-slide-anim=\"\"\r\n\t\t\tdata-slide-anim-out=\"\"\r\n\t\t\tdata-nav=\"yes\"\r\n\t\t\tdata-dots=\"yes\"\r\n\t\t\tdata-mouse-drag=\"yes\"\r\n\t\t\tdata-touch-drag=\"yes\"\r\n\t\t\tdata-loop=\"yes\"\r\n\t\t\tdata-speed=\"500\"\r\n\t\t\tdata-delay=\"5000\">\r\n\t\t\t\t\t\t\t\t\t\t\t\t\t\t\t<div class=\"sina-pc-thumb sina-bg-cover sina-flex\"\r\n\t\t\tstyle=\"background-image: url(https:\/\/full-moon-gallery.de\/wp-content\/uploads\/2026\/03\/3-size-4512-X-3000-Zandi-1-1-scaled.jpg);\"\r\n\t>\r\n\t<div class=\"sina-overlay\"><\/div>\r\n\t<div class=\"sina-pc-content\">\r\n\t\t\t\t\t\t<h2 class=\"sina-pc-title\">\r\n\t\t\t<a href=\"https:\/\/full-moon-gallery.de\/de\/freakshow\/\">FREAKSHOW<\/a>\r\n\t\t<\/h2>\r\n\t\t\t\t\r\n\t\t\t\t\t<div class=\"sina-pc-text\">\r\n\t\t\t\tVERNISSAGE | 1 MAY 2026 | 8:00 PM Exhibition by&hellip;\t\t\t<\/div>\r\n\t\t\t<\/div>\r\n<\/div>\t\t\t\t\t\t\t\t\t\t\t\t\t\t\t\t\t\t\t\t<div class=\"sina-pc-thumb sina-bg-cover sina-flex\"\r\n\t\t\tstyle=\"background-image: url(https:\/\/full-moon-gallery.de\/wp-content\/uploads\/2026\/03\/Phase4_Youth-copy-scaled.jpg);\"\r\n\t>\r\n\t<div class=\"sina-overlay\"><\/div>\r\n\t<div class=\"sina-pc-content\">\r\n\t\t\t\t\t\t<h2 class=\"sina-pc-title\">\r\n\t\t\t<a href=\"https:\/\/full-moon-gallery.de\/de\/head-metaphysics\/\">Head Metaphysics<\/a>\r\n\t\t<\/h2>\r\n\t\t\t\t\r\n\t\t\t\t\t<div class=\"sina-pc-text\">\r\n\t\t\t\tVERNISSAGE: 2 APR 2026 | 8:00 PM Exhibition by Leo&hellip;\t\t\t<\/div>\r\n\t\t\t<\/div>\r\n<\/div>\t\t\t\t\t\t\t\t\t\t\t\t\t\t\t\t\t\t\t\t<div class=\"sina-pc-thumb sina-bg-cover sina-flex\"\r\n\t\t\tstyle=\"background-image: url(https:\/\/full-moon-gallery.de\/wp-content\/uploads\/2026\/01\/008_145604-copy-2.png);\"\r\n\t>\r\n\t<div class=\"sina-overlay\"><\/div>\r\n\t<div class=\"sina-pc-content\">\r\n\t\t\t\t\t\t<h2 class=\"sina-pc-title\">\r\n\t\t\t<a href=\"https:\/\/full-moon-gallery.de\/de\/zabka\/\">Dorota &#038; Reinhard Zabka (L\u00dcGENMUSEUM)<\/a>\r\n\t\t<\/h2>\r\n\t\t\t\t\r\n\t\t\t\t\t<div class=\"sina-pc-text\">\r\n\t\t\t\tVERNISSAGE: 1 FEB 2026 | 8:00 PM DER TRAUM DER&hellip;\t\t\t<\/div>\r\n\t\t\t<\/div>\r\n<\/div>\t\t\t\t\t\t\t\t\t\t\t\t<\/div><!-- .sina-posts-carousel -->\r\n\t\t\t\t\t<\/div>\n\t\t\t\t<\/div>\n\t\t\t\t<div class=\"elementor-element elementor-element-e877542 elementor-hidden-desktop elementor-hidden-mobile elementor-widget elementor-widget-sina_posts_carousel\" data-id=\"e877542\" data-element_type=\"widget\" data-widget_type=\"sina_posts_carousel.default\">\n\t\t\t\t<div class=\"elementor-widget-container\">\n\t\t\t\t\t\t<div class=\"sina-posts-carousel owl-carousel\"\r\n\t\t\tdata-item-lg=\"2\"\r\n\t\t\tdata-item-md=\"2\"\r\n\t\t\tdata-item-sm=\"1\"\r\n\t\t\tdata-autoplay=\"yes\"\r\n\t\t\tdata-pause=\"yes\"\r\n\t\t\tdata-center=\"\"\r\n\t\t\tdata-slide-anim=\"\"\r\n\t\t\tdata-slide-anim-out=\"\"\r\n\t\t\tdata-nav=\"yes\"\r\n\t\t\tdata-dots=\"yes\"\r\n\t\t\tdata-mouse-drag=\"yes\"\r\n\t\t\tdata-touch-drag=\"yes\"\r\n\t\t\tdata-loop=\"yes\"\r\n\t\t\tdata-speed=\"500\"\r\n\t\t\tdata-delay=\"5000\">\r\n\t\t\t\t\t\t\t\t\t\t\t\t\t\t\t<div class=\"sina-pc-thumb sina-bg-cover sina-flex\"\r\n\t\t\tstyle=\"background-image: url(https:\/\/full-moon-gallery.de\/wp-content\/uploads\/2026\/03\/3-size-4512-X-3000-Zandi-1-1-scaled.jpg);\"\r\n\t>\r\n\t<div class=\"sina-overlay\"><\/div>\r\n\t<div class=\"sina-pc-content\">\r\n\t\t\t\t\t\t<h2 class=\"sina-pc-title\">\r\n\t\t\t<a href=\"https:\/\/full-moon-gallery.de\/de\/freakshow\/\">FREAKSHOW<\/a>\r\n\t\t<\/h2>\r\n\t\t\t\t\r\n\t\t\t<\/div>\r\n<\/div>\t\t\t\t\t\t\t\t\t\t\t\t\t\t\t\t\t\t\t\t<div class=\"sina-pc-thumb sina-bg-cover sina-flex\"\r\n\t\t\tstyle=\"background-image: url(https:\/\/full-moon-gallery.de\/wp-content\/uploads\/2026\/03\/Phase4_Youth-copy-scaled.jpg);\"\r\n\t>\r\n\t<div class=\"sina-overlay\"><\/div>\r\n\t<div class=\"sina-pc-content\">\r\n\t\t\t\t\t\t<h2 class=\"sina-pc-title\">\r\n\t\t\t<a href=\"https:\/\/full-moon-gallery.de\/de\/head-metaphysics\/\">Head Metaphysics<\/a>\r\n\t\t<\/h2>\r\n\t\t\t\t\r\n\t\t\t<\/div>\r\n<\/div>\t\t\t\t\t\t\t\t\t\t\t\t<\/div><!-- .sina-posts-carousel -->\r\n\t\t\t\t\t<\/div>\n\t\t\t\t<\/div>\n\t\t\t\t<div class=\"elementor-element elementor-element-2a91d48 elementor-hidden-desktop elementor-hidden-tablet elementor-widget elementor-widget-sina_posts_carousel\" data-id=\"2a91d48\" data-element_type=\"widget\" data-widget_type=\"sina_posts_carousel.default\">\n\t\t\t\t<div class=\"elementor-widget-container\">\n\t\t\t\t\t\t<div class=\"sina-posts-carousel owl-carousel\"\r\n\t\t\tdata-item-lg=\"2\"\r\n\t\t\tdata-item-md=\"2\"\r\n\t\t\tdata-item-sm=\"1\"\r\n\t\t\tdata-autoplay=\"yes\"\r\n\t\t\tdata-pause=\"yes\"\r\n\t\t\tdata-center=\"\"\r\n\t\t\tdata-slide-anim=\"\"\r\n\t\t\tdata-slide-anim-out=\"\"\r\n\t\t\tdata-nav=\"yes\"\r\n\t\t\tdata-dots=\"yes\"\r\n\t\t\tdata-mouse-drag=\"yes\"\r\n\t\t\tdata-touch-drag=\"yes\"\r\n\t\t\tdata-loop=\"yes\"\r\n\t\t\tdata-speed=\"500\"\r\n\t\t\tdata-delay=\"5000\">\r\n\t\t\t\t\t\t\t\t\t\t\t\t\t\t\t<div class=\"sina-pc-thumb sina-bg-cover sina-flex\"\r\n\t\t\tstyle=\"background-image: url(https:\/\/full-moon-gallery.de\/wp-content\/uploads\/2026\/03\/3-size-4512-X-3000-Zandi-1-1-scaled.jpg);\"\r\n\t>\r\n\t<div class=\"sina-overlay\"><\/div>\r\n\t<div class=\"sina-pc-content\">\r\n\t\t\t\t\t\t<h2 class=\"sina-pc-title\">\r\n\t\t\t<a href=\"https:\/\/full-moon-gallery.de\/de\/freakshow\/\">FREAKSHOW<\/a>\r\n\t\t<\/h2>\r\n\t\t\t\t\r\n\t\t\t<\/div>\r\n<\/div>\t\t\t\t\t\t\t\t\t\t\t\t\t\t\t\t\t\t\t\t<div class=\"sina-pc-thumb sina-bg-cover sina-flex\"\r\n\t\t\tstyle=\"background-image: url(https:\/\/full-moon-gallery.de\/wp-content\/uploads\/2026\/03\/Phase4_Youth-copy-scaled.jpg);\"\r\n\t>\r\n\t<div class=\"sina-overlay\"><\/div>\r\n\t<div class=\"sina-pc-content\">\r\n\t\t\t\t\t\t<h2 class=\"sina-pc-title\">\r\n\t\t\t<a href=\"https:\/\/full-moon-gallery.de\/de\/head-metaphysics\/\">Head Metaphysics<\/a>\r\n\t\t<\/h2>\r\n\t\t\t\t\r\n\t\t\t<\/div>\r\n<\/div>\t\t\t\t\t\t\t\t\t\t\t\t<\/div><!-- .sina-posts-carousel -->\r\n\t\t\t\t\t<\/div>\n\t\t\t\t<\/div>\n\t\t\t\t\t<\/div>\n\t\t<\/div>\n\t\t\t\t\t<\/div>\n\t\t<\/section>\n\t\t\t\t<section class=\"elementor-section elementor-top-section elementor-element elementor-element-f03a19a elementor-section-boxed elementor-section-height-default elementor-section-height-default wpr-particle-no wpr-jarallax-no wpr-parallax-no wpr-sticky-section-no\" data-id=\"f03a19a\" data-element_type=\"section\" data-settings=\"{&quot;background_background&quot;:&quot;classic&quot;}\">\n\t\t\t\t\t\t<div class=\"elementor-container elementor-column-gap-default\">\n\t\t\t\t\t<div class=\"elementor-column elementor-col-100 elementor-top-column elementor-element elementor-element-a331c22\" data-id=\"a331c22\" data-element_type=\"column\">\n\t\t\t<div class=\"elementor-widget-wrap elementor-element-populated\">\n\t\t\t\t\t\t<div class=\"elementor-element elementor-element-b26c3df elementor-align-center elementor-widget elementor-widget-button\" data-id=\"b26c3df\" data-element_type=\"widget\" data-widget_type=\"button.default\">\n\t\t\t\t<div class=\"elementor-widget-container\">\n\t\t\t\t\t<div class=\"elementor-button-wrapper\">\n\t\t\t<a class=\"elementor-button elementor-button-link elementor-size-sm elementor-animation-grow\" href=\"https:\/\/www.facebook.com\/Full-Moon-Gallery-108708950917848\">\n\t\t\t\t\t\t<span class=\"elementor-button-content-wrapper\">\n\t\t\t\t\t\t<span class=\"elementor-button-icon elementor-align-icon-left\">\n\t\t\t\t<i aria-hidden=\"true\" class=\"fab fa-facebook\"><\/i>\t\t\t<\/span>\n\t\t\t\t\t\t\t\t\t<span class=\"elementor-button-text\">\u201eFacebook\u201c<\/span>\n\t\t\t\t\t<\/span>\n\t\t\t\t\t<\/a>\n\t\t<\/div>\n\t\t\t\t<\/div>\n\t\t\t\t<\/div>\n\t\t\t\t<div class=\"elementor-element elementor-element-1ad98ac elementor-widget elementor-widget-spacer\" data-id=\"1ad98ac\" data-element_type=\"widget\" data-widget_type=\"spacer.default\">\n\t\t\t\t<div class=\"elementor-widget-container\">\n\t\t\t\t\t<div class=\"elementor-spacer\">\n\t\t\t<div class=\"elementor-spacer-inner\"><\/div>\n\t\t<\/div>\n\t\t\t\t<\/div>\n\t\t\t\t<\/div>\n\t\t\t\t\t<\/div>\n\t\t<\/div>\n\t\t\t\t\t<\/div>\n\t\t<\/section>\n\t\t\t\t<\/div>","protected":false},"excerpt":{"rendered":"<p>EXHIBITIONS Full Moon Gallery Initieted by Jugend- &amp; Kulturprojekt e.V. The FULL MOON GALLERY has been initiated by the Jugend- &amp; Kulturprojekt e.V. 2020 with the intention of creating a space and environment that enables local and international visual artists to present their work in the most innovative way. As a vibrant exhibition space, the FULL MOON GALLERY addresses central matters of the present through the production, presentation and mediation of contemporary progressive art. The primary thematic focus is on the consideration of diversity, internationality and local references. On display are monthly changing solo, group and conceptual exhibitions on current cultural and social processes in engagement with the contemporary arts. The full moon, as an elementary and defining element of the gallery, determines the opening date of each exhibition. Always on the occasion of the full moon, the FULL MOON GALLERY invites you to a public vernissage in which the windows serve as the essential art space. Around the clock and freely accessible to everyone, contemporary artworks are presented to the outside world in the nine large illuminated display windows. Under the curatorial direction of Stefan Kiehne, the FULL MOON GALLERY always presents exhibitions that evolve out of a desire to reflect contemporary and socio-political issues. The gallery sees itself as a social space that facilitates reflection and exchange between different actors and cultures and continuously challenges its visitors. With twelve exhibitions a year that include paintings, drawings, photographs, collages, sculptures, films, installations as well as performances, street art and conceptual art, the FULL MOON GALLERY in Dresden has firmly anchored itself in the spectrum of contemporary art. eXHIBITIONS FREAKSHOW VERNISSAGE | 1 MAY 2026 | 8:00 PM Exhibition by&hellip; Head Metaphysics VERNISSAGE: 2 APR 2026 | 8:00 PM Exhibition by Leo&hellip; Dorota &#038; Reinhard Zabka (L\u00dcGENMUSEUM) VERNISSAGE: 1 FEB 2026 | 8:00 PM DER TRAUM DER&hellip; FREAKSHOW Head Metaphysics FREAKSHOW Head Metaphysics Facebook<\/p>","protected":false},"author":1,"featured_media":0,"parent":0,"menu_order":0,"comment_status":"closed","ping_status":"closed","template":"","meta":{"site-sidebar-layout":"no-sidebar","site-content-layout":"page-builder","ast-site-content-layout":"full-width-container","site-content-style":"unboxed","site-sidebar-style":"unboxed","ast-global-header-display":"","ast-banner-title-visibility":"","ast-main-header-display":"","ast-hfb-above-header-display":"","ast-hfb-below-header-display":"","ast-hfb-mobile-header-display":"","site-post-title":"","ast-breadcrumbs-content":"","ast-featured-img":"disabled","footer-sml-layout":"","ast-disable-related-posts":"","theme-transparent-header-meta":"enabled","adv-header-id-meta":"","stick-header-meta":"","header-above-stick-meta":"","header-main-stick-meta":"","header-below-stick-meta":"","astra-migrate-meta-layouts":"set","ast-page-background-enabled":"default","ast-page-background-meta":{"desktop":{"background-color":"","background-image":"","background-repeat":"repeat","background-position":"center center","background-size":"auto","background-attachment":"scroll","background-type":"","background-media":"","overlay-type":"","overlay-color":"","overlay-opacity":"","overlay-gradient":""},"tablet":{"background-color":"","background-image":"","background-repeat":"repeat","background-position":"center center","background-size":"auto","background-attachment":"scroll","background-type":"","background-media":"","overlay-type":"","overlay-color":"","overlay-opacity":"","overlay-gradient":""},"mobile":{"background-color":"","background-image":"","background-repeat":"repeat","background-position":"center center","background-size":"auto","background-attachment":"scroll","background-type":"","background-media":"","overlay-type":"","overlay-color":"","overlay-opacity":"","overlay-gradient":""}},"ast-content-background-meta":{"desktop":{"background-color":"var(--ast-global-color-5)","background-image":"","background-repeat":"repeat","background-position":"center center","background-size":"auto","background-attachment":"scroll","background-type":"","background-media":"","overlay-type":"","overlay-color":"","overlay-opacity":"","overlay-gradient":""},"tablet":{"background-color":"var(--ast-global-color-5)","background-image":"","background-repeat":"repeat","background-position":"center center","background-size":"auto","background-attachment":"scroll","background-type":"","background-media":"","overlay-type":"","overlay-color":"","overlay-opacity":"","overlay-gradient":""},"mobile":{"background-color":"var(--ast-global-color-5)","background-image":"","background-repeat":"repeat","background-position":"center center","background-size":"auto","background-attachment":"scroll","background-type":"","background-media":"","overlay-type":"","overlay-color":"","overlay-opacity":"","overlay-gradient":""}}},"_links":{"self":[{"href":"https:\/\/full-moon-gallery.de\/de\/wp-json\/wp\/v2\/pages\/57"}],"collection":[{"href":"https:\/\/full-moon-gallery.de\/de\/wp-json\/wp\/v2\/pages"}],"about":[{"href":"https:\/\/full-moon-gallery.de\/de\/wp-json\/wp\/v2\/types\/page"}],"author":[{"embeddable":true,"href":"https:\/\/full-moon-gallery.de\/de\/wp-json\/wp\/v2\/users\/1"}],"replies":[{"embeddable":true,"href":"https:\/\/full-moon-gallery.de\/de\/wp-json\/wp\/v2\/comments?post=57"}],"version-history":[{"count":10,"href":"https:\/\/full-moon-gallery.de\/de\/wp-json\/wp\/v2\/pages\/57\/revisions"}],"predecessor-version":[{"id":6354,"href":"https:\/\/full-moon-gallery.de\/de\/wp-json\/wp\/v2\/pages\/57\/revisions\/6354"}],"wp:attachment":[{"href":"https:\/\/full-moon-gallery.de\/de\/wp-json\/wp\/v2\/media?parent=57"}],"curies":[{"name":"wp","href":"https:\/\/api.w.org\/{rel}","templated":true}]}}