{"id":1430,"date":"2021-02-03T14:25:55","date_gmt":"2021-02-03T14:25:55","guid":{"rendered":"http:\/\/full-moon-gallery.de\/?page_id=1430"},"modified":"2021-05-06T12:43:33","modified_gmt":"2021-05-06T12:43:33","slug":"support","status":"publish","type":"page","link":"https:\/\/full-moon-gallery.de\/de\/support\/","title":{"rendered":"Suport your local Artists"},"content":{"rendered":"<div data-elementor-type=\"wp-page\" data-elementor-id=\"1430\" class=\"elementor elementor-1430\">\n\t\t\t\t\t\t<section class=\"elementor-section elementor-top-section elementor-element elementor-element-6d1f15c elementor-section-boxed elementor-section-height-default elementor-section-height-default wpr-particle-no wpr-jarallax-no wpr-parallax-no wpr-sticky-section-no\" data-id=\"6d1f15c\" data-element_type=\"section\">\n\t\t\t\t\t\t<div class=\"elementor-container elementor-column-gap-default\">\n\t\t\t\t\t<div class=\"elementor-column elementor-col-100 elementor-top-column elementor-element elementor-element-5aeabc6\" data-id=\"5aeabc6\" data-element_type=\"column\">\n\t\t\t<div class=\"elementor-widget-wrap elementor-element-populated\">\n\t\t\t\t\t\t<div class=\"elementor-element elementor-element-c341764 elementor-widget elementor-widget-spacer\" data-id=\"c341764\" data-element_type=\"widget\" data-widget_type=\"spacer.default\">\n\t\t\t\t<div class=\"elementor-widget-container\">\n\t\t\t\t\t<div class=\"elementor-spacer\">\n\t\t\t<div class=\"elementor-spacer-inner\"><\/div>\n\t\t<\/div>\n\t\t\t\t<\/div>\n\t\t\t\t<\/div>\n\t\t\t\t\t<\/div>\n\t\t<\/div>\n\t\t\t\t\t<\/div>\n\t\t<\/section>\n\t\t\t\t<section class=\"elementor-section elementor-top-section elementor-element elementor-element-bd6fdda elementor-section-full_width elementor-section-height-default elementor-section-height-default wpr-particle-no wpr-jarallax-no wpr-parallax-no wpr-sticky-section-no\" data-id=\"bd6fdda\" data-element_type=\"section\" data-settings=\"{&quot;background_background&quot;:&quot;classic&quot;}\">\n\t\t\t\t\t\t\t<div class=\"elementor-background-overlay\"><\/div>\n\t\t\t\t\t\t\t<div class=\"elementor-container elementor-column-gap-default\">\n\t\t\t\t\t<div class=\"elementor-column elementor-col-33 elementor-top-column elementor-element elementor-element-e8802fc\" data-id=\"e8802fc\" data-element_type=\"column\">\n\t\t\t<div class=\"elementor-widget-wrap\">\n\t\t\t\t\t\t\t<\/div>\n\t\t<\/div>\n\t\t\t\t<div class=\"elementor-column elementor-col-33 elementor-top-column elementor-element elementor-element-246efcbc\" data-id=\"246efcbc\" data-element_type=\"column\">\n\t\t\t<div class=\"elementor-widget-wrap elementor-element-populated\">\n\t\t\t\t\t\t<div class=\"elementor-element elementor-element-4b906fca elementor-widget elementor-widget-heading\" data-id=\"4b906fca\" data-element_type=\"widget\" data-widget_type=\"heading.default\">\n\t\t\t\t<div class=\"elementor-widget-container\">\n\t\t\t<h1 class=\"elementor-heading-title elementor-size-xl\">Support your local artist<\/h1>\t\t<\/div>\n\t\t\t\t<\/div>\n\t\t\t\t\t<\/div>\n\t\t<\/div>\n\t\t\t\t<div class=\"elementor-column elementor-col-33 elementor-top-column elementor-element elementor-element-513a9f31\" data-id=\"513a9f31\" data-element_type=\"column\">\n\t\t\t<div class=\"elementor-widget-wrap\">\n\t\t\t\t\t\t\t<\/div>\n\t\t<\/div>\n\t\t\t\t\t<\/div>\n\t\t<\/section>\n\t\t\t\t<section class=\"elementor-section elementor-top-section elementor-element elementor-element-c05432b elementor-section-boxed elementor-section-height-default elementor-section-height-default wpr-particle-no wpr-jarallax-no wpr-parallax-no wpr-sticky-section-no\" data-id=\"c05432b\" data-element_type=\"section\">\n\t\t\t\t\t\t<div class=\"elementor-container elementor-column-gap-default\">\n\t\t\t\t\t<div class=\"elementor-column elementor-col-100 elementor-top-column elementor-element elementor-element-e79e0df\" data-id=\"e79e0df\" data-element_type=\"column\">\n\t\t\t<div class=\"elementor-widget-wrap elementor-element-populated\">\n\t\t\t\t\t\t<div class=\"elementor-element elementor-element-44b3a26d ekit-image-accordion-horizontal ekit-image-accordion-click elementor-widget elementor-widget-elementskit-image-accordion\" data-id=\"44b3a26d\" data-element_type=\"widget\" data-widget_type=\"elementskit-image-accordion.default\">\n\t\t\t\t<div class=\"elementor-widget-container\">\n\t\t\t<div class=\"ekit-wid-con\" >\t\t<div class=\"ekit-image-accordion elementskit-image-accordion-wraper\">\n\t\t\t                <input type=\"radio\" name=\"ekit_ia_44b3a26d\" id=\"ekit_ia_44b3a26d_0\" class=\"elementskit-single-image-accordion--input\" hidden>\n                <label for=\"ekit_ia_44b3a26d_0\" class=\"elementskit-single-image-accordion ekit-image-accordion-item\" style=\"background-image: url(http:\/\/full-moon-gallery.de\/wp-content\/uploads\/2021\/01\/P1033326-scaled.jpg)\">\n                    <span class=\"elementskit-accordion-content\">\n\t\t\t\t\t\t\t\t\t\t\t\t\t<span class=\"elementskit-accordion-title-wraper\">\n\t\t\t\t\t\t\t\t<span class=\"elementskit-accordion-title\">\n\t\t\t\t\t\t\t\t\n\t\t\t\t\t\t\t\t\n\t\t\t\t\t\t\t\t\t\t\t\t\t\t\t\t<\/span>\n\t\t\t\t\t\t\t<\/span>\n\t\t\t\t\t\t\t                    <\/span>\n                <\/label>\n                            <input type=\"radio\" name=\"ekit_ia_44b3a26d\" id=\"ekit_ia_44b3a26d_1\" class=\"elementskit-single-image-accordion--input\" hidden>\n                <label for=\"ekit_ia_44b3a26d_1\" class=\"elementskit-single-image-accordion ekit-image-accordion-item\" style=\"background-image: url(http:\/\/full-moon-gallery.de\/wp-content\/uploads\/2021\/02\/P1033410-scaled.jpg)\">\n                    <span class=\"elementskit-accordion-content\">\n\t\t\t\t\t\t\t\t\t\t\t\t\t<span class=\"elementskit-accordion-title-wraper\">\n\t\t\t\t\t\t\t\t<span class=\"elementskit-accordion-title\">\n\t\t\t\t\t\t\t\t\n\t\t\t\t\t\t\t\t\n\t\t\t\t\t\t\t\t\t\t\t\t\t\t\t\t<\/span>\n\t\t\t\t\t\t\t<\/span>\n\t\t\t\t\t\t\t                    <\/span>\n                <\/label>\n                            <input type=\"radio\" name=\"ekit_ia_44b3a26d\" id=\"ekit_ia_44b3a26d_2\" class=\"elementskit-single-image-accordion--input\" hidden>\n                <label for=\"ekit_ia_44b3a26d_2\" class=\"elementskit-single-image-accordion ekit-image-accordion-item\" style=\"background-image: url(http:\/\/full-moon-gallery.de\/wp-content\/uploads\/2021\/01\/P1033313-scaled.jpg)\">\n                    <span class=\"elementskit-accordion-content\">\n\t\t\t\t\t\t\t\t\t\t\t\t\t<span class=\"elementskit-accordion-title-wraper\">\n\t\t\t\t\t\t\t\t<span class=\"elementskit-accordion-title\">\n\t\t\t\t\t\t\t\t\n\t\t\t\t\t\t\t\t\n\t\t\t\t\t\t\t\t\t\t\t\t\t\t\t\t<\/span>\n\t\t\t\t\t\t\t<\/span>\n\t\t\t\t\t\t\t                    <\/span>\n                <\/label>\n                            <input type=\"radio\" name=\"ekit_ia_44b3a26d\" id=\"ekit_ia_44b3a26d_3\" class=\"elementskit-single-image-accordion--input\" hidden>\n                <label for=\"ekit_ia_44b3a26d_3\" class=\"elementskit-single-image-accordion ekit-image-accordion-item\" style=\"background-image: url(http:\/\/full-moon-gallery.de\/wp-content\/uploads\/2021\/01\/P1033333-scaled.jpg)\">\n                    <span class=\"elementskit-accordion-content\">\n\t\t\t\t\t\t\t\t\t\t\t\t\t<span class=\"elementskit-accordion-title-wraper\">\n\t\t\t\t\t\t\t\t<span class=\"elementskit-accordion-title\">\n\t\t\t\t\t\t\t\t\n\t\t\t\t\t\t\t\t\n\t\t\t\t\t\t\t\t\t\t\t\t\t\t\t\t<\/span>\n\t\t\t\t\t\t\t<\/span>\n\t\t\t\t\t\t\t                    <\/span>\n                <\/label>\n                    <\/div>\n    <\/div>\t\t<\/div>\n\t\t\t\t<\/div>\n\t\t\t\t\t<\/div>\n\t\t<\/div>\n\t\t\t\t\t<\/div>\n\t\t<\/section>\n\t\t\t\t<section class=\"elementor-section elementor-top-section elementor-element elementor-element-6c4e2535 elementor-section-boxed elementor-section-height-default elementor-section-height-default wpr-particle-no wpr-jarallax-no wpr-parallax-no wpr-sticky-section-no\" data-id=\"6c4e2535\" data-element_type=\"section\" data-settings=\"{&quot;background_background&quot;:&quot;classic&quot;}\">\n\t\t\t\t\t\t<div class=\"elementor-container elementor-column-gap-default\">\n\t\t\t\t\t<div class=\"elementor-column elementor-col-100 elementor-top-column elementor-element elementor-element-1d3139d3\" data-id=\"1d3139d3\" data-element_type=\"column\">\n\t\t\t<div class=\"elementor-widget-wrap elementor-element-populated\">\n\t\t\t\t\t\t<div class=\"elementor-element elementor-element-3294e75 elementor-widget elementor-widget-spacer\" data-id=\"3294e75\" data-element_type=\"widget\" data-widget_type=\"spacer.default\">\n\t\t\t\t<div class=\"elementor-widget-container\">\n\t\t\t\t\t<div class=\"elementor-spacer\">\n\t\t\t<div class=\"elementor-spacer-inner\"><\/div>\n\t\t<\/div>\n\t\t\t\t<\/div>\n\t\t\t\t<\/div>\n\t\t\t\t<div class=\"elementor-element elementor-element-42b0ebc3 elementor-widget elementor-widget-text-editor\" data-id=\"42b0ebc3\" data-element_type=\"widget\" data-widget_type=\"text-editor.default\">\n\t\t\t\t<div class=\"elementor-widget-container\">\n\t\t\t\t\t\t\t<p>Die Initiative ''Support your local artist'' ist eine Solidarit\u00e4tsaktion des Jugend- &amp; Kulturprojekt e.V. f\u00fcr die Dresdner K\u00fcnstlerInnen, indem er ihnen die Schaufensterfl\u00e4che der Full Moon Gallery als permanenten Kunstmarkt bis zum Ende des Lockdown zur Verf\u00fcgung stellt.<\/p><p>Wenn du K\u00fcnstlerInnen unterst\u00fctzen willst, dann komme vorbei und kaufe einzigartige Kunst zu sehr fairen Preisen.\n\nWenn du K\u00fcnstlerIn bist und etwas in den Fenstern ausstellen m\u00f6chtest, dann kontaktiere uns bitte via full-moon-gallery@jkpev.de!<\/p>\t\t\t\t\t\t<\/div>\n\t\t\t\t<\/div>\n\t\t\t\t\t<\/div>\n\t\t<\/div>\n\t\t\t\t\t<\/div>\n\t\t<\/section>\n\t\t\t\t<section class=\"elementor-section elementor-top-section elementor-element elementor-element-50bbf6b elementor-section-boxed elementor-section-height-default elementor-section-height-default wpr-particle-no wpr-jarallax-no wpr-parallax-no wpr-sticky-section-no\" data-id=\"50bbf6b\" data-element_type=\"section\">\n\t\t\t\t\t\t<div class=\"elementor-container elementor-column-gap-default\">\n\t\t\t\t\t<div class=\"elementor-column elementor-col-100 elementor-top-column elementor-element elementor-element-198944c\" data-id=\"198944c\" data-element_type=\"column\">\n\t\t\t<div class=\"elementor-widget-wrap elementor-element-populated\">\n\t\t\t\t\t\t<div class=\"elementor-element elementor-element-35ea89e elementor-widget elementor-widget-heading\" data-id=\"35ea89e\" data-element_type=\"widget\" data-widget_type=\"heading.default\">\n\t\t\t\t<div class=\"elementor-widget-container\">\n\t\t\t<h3 class=\"elementor-heading-title elementor-size-default\">Einige der verf\u00fcgbaren Kunstwerke in der 'Full Moon Gallery'<\/h3>\t\t<\/div>\n\t\t\t\t<\/div>\n\t\t\t\t<div class=\"elementor-element elementor-element-36c5a1d elementor-widget elementor-widget-image-gallery\" data-id=\"36c5a1d\" data-element_type=\"widget\" data-widget_type=\"image-gallery.default\">\n\t\t\t\t<div class=\"elementor-widget-container\">\n\t\t\t\t\t<div class=\"elementor-image-gallery\">\n\t\t\t<div id='gallery-1' class='gallery galleryid-1430 gallery-columns-4 gallery-size-thumbnail'><figure class='gallery-item'>\n\t\t\t<div class='gallery-icon portrait'>\n\t\t\t\t<a data-elementor-open-lightbox=\"yes\" data-elementor-lightbox-slideshow=\"36c5a1d\" data-elementor-lightbox-title=\"P1033331\" data-e-action-hash=\"#elementor-action%3Aaction%3Dlightbox%26settings%3DeyJpZCI6MTQwMSwidXJsIjoiaHR0cHM6XC9cL2Z1bGwtbW9vbi1nYWxsZXJ5LmRlXC93cC1jb250ZW50XC91cGxvYWRzXC8yMDIxXC8wMVwvUDEwMzMzMzEtc2NhbGVkLmpwZyIsInNsaWRlc2hvdyI6IjM2YzVhMWQifQ%3D%3D\" href='https:\/\/full-moon-gallery.de\/wp-content\/uploads\/2021\/01\/P1033331-scaled.jpg'><img width=\"150\" height=\"150\" src=\"https:\/\/full-moon-gallery.de\/wp-content\/uploads\/2021\/01\/P1033331-150x150.jpg\" class=\"attachment-thumbnail size-thumbnail\" alt=\"\" decoding=\"async\" \/><\/a>\n\t\t\t<\/div><\/figure><figure class='gallery-item'>\n\t\t\t<div class='gallery-icon portrait'>\n\t\t\t\t<a data-elementor-open-lightbox=\"yes\" data-elementor-lightbox-slideshow=\"36c5a1d\" data-elementor-lightbox-title=\"P1033329\" data-e-action-hash=\"#elementor-action%3Aaction%3Dlightbox%26settings%3DeyJpZCI6MTM5OSwidXJsIjoiaHR0cHM6XC9cL2Z1bGwtbW9vbi1nYWxsZXJ5LmRlXC93cC1jb250ZW50XC91cGxvYWRzXC8yMDIxXC8wMVwvUDEwMzMzMjktc2NhbGVkLmpwZyIsInNsaWRlc2hvdyI6IjM2YzVhMWQifQ%3D%3D\" href='https:\/\/full-moon-gallery.de\/wp-content\/uploads\/2021\/01\/P1033329-scaled.jpg'><img width=\"150\" height=\"150\" src=\"https:\/\/full-moon-gallery.de\/wp-content\/uploads\/2021\/01\/P1033329-150x150.jpg\" class=\"attachment-thumbnail size-thumbnail\" alt=\"\" decoding=\"async\" \/><\/a>\n\t\t\t<\/div><\/figure><figure class='gallery-item'>\n\t\t\t<div class='gallery-icon portrait'>\n\t\t\t\t<a data-elementor-open-lightbox=\"yes\" data-elementor-lightbox-slideshow=\"36c5a1d\" data-elementor-lightbox-title=\"P1033334\" data-e-action-hash=\"#elementor-action%3Aaction%3Dlightbox%26settings%3DeyJpZCI6MTQwMywidXJsIjoiaHR0cHM6XC9cL2Z1bGwtbW9vbi1nYWxsZXJ5LmRlXC93cC1jb250ZW50XC91cGxvYWRzXC8yMDIxXC8wMVwvUDEwMzMzMzQtc2NhbGVkLmpwZyIsInNsaWRlc2hvdyI6IjM2YzVhMWQifQ%3D%3D\" href='https:\/\/full-moon-gallery.de\/wp-content\/uploads\/2021\/01\/P1033334-scaled.jpg'><img width=\"150\" height=\"150\" src=\"https:\/\/full-moon-gallery.de\/wp-content\/uploads\/2021\/01\/P1033334-150x150.jpg\" class=\"attachment-thumbnail size-thumbnail\" alt=\"\" decoding=\"async\" \/><\/a>\n\t\t\t<\/div><\/figure><figure class='gallery-item'>\n\t\t\t<div class='gallery-icon portrait'>\n\t\t\t\t<a data-elementor-open-lightbox=\"yes\" data-elementor-lightbox-slideshow=\"36c5a1d\" data-elementor-lightbox-title=\"P1033410\" data-e-action-hash=\"#elementor-action%3Aaction%3Dlightbox%26settings%3DeyJpZCI6MTQ0NiwidXJsIjoiaHR0cHM6XC9cL2Z1bGwtbW9vbi1nYWxsZXJ5LmRlXC93cC1jb250ZW50XC91cGxvYWRzXC8yMDIxXC8wMlwvUDEwMzM0MTAtc2NhbGVkLmpwZyIsInNsaWRlc2hvdyI6IjM2YzVhMWQifQ%3D%3D\" href='https:\/\/full-moon-gallery.de\/wp-content\/uploads\/2021\/02\/P1033410-scaled.jpg'><img loading=\"lazy\" width=\"150\" height=\"150\" src=\"https:\/\/full-moon-gallery.de\/wp-content\/uploads\/2021\/02\/P1033410-150x150.jpg\" class=\"attachment-thumbnail size-thumbnail\" alt=\"\" decoding=\"async\" \/><\/a>\n\t\t\t<\/div><\/figure><figure class='gallery-item'>\n\t\t\t<div class='gallery-icon landscape'>\n\t\t\t\t<a data-elementor-open-lightbox=\"yes\" data-elementor-lightbox-slideshow=\"36c5a1d\" data-elementor-lightbox-title=\"P1033199\" data-e-action-hash=\"#elementor-action%3Aaction%3Dlightbox%26settings%3DeyJpZCI6MTUzMCwidXJsIjoiaHR0cHM6XC9cL2Z1bGwtbW9vbi1nYWxsZXJ5LmRlXC93cC1jb250ZW50XC91cGxvYWRzXC8yMDIxXC8wMlwvUDEwMzMxOTktc2NhbGVkLmpwZyIsInNsaWRlc2hvdyI6IjM2YzVhMWQifQ%3D%3D\" href='https:\/\/full-moon-gallery.de\/wp-content\/uploads\/2021\/02\/P1033199-scaled.jpg'><img loading=\"lazy\" width=\"150\" height=\"150\" src=\"https:\/\/full-moon-gallery.de\/wp-content\/uploads\/2021\/02\/P1033199-150x150.jpg\" class=\"attachment-thumbnail size-thumbnail\" alt=\"\" decoding=\"async\" \/><\/a>\n\t\t\t<\/div><\/figure><figure class='gallery-item'>\n\t\t\t<div class='gallery-icon landscape'>\n\t\t\t\t<a data-elementor-open-lightbox=\"yes\" data-elementor-lightbox-slideshow=\"36c5a1d\" data-elementor-lightbox-title=\"P1033201\" data-e-action-hash=\"#elementor-action%3Aaction%3Dlightbox%26settings%3DeyJpZCI6MTUzMSwidXJsIjoiaHR0cHM6XC9cL2Z1bGwtbW9vbi1nYWxsZXJ5LmRlXC93cC1jb250ZW50XC91cGxvYWRzXC8yMDIxXC8wMlwvUDEwMzMyMDEtc2NhbGVkLmpwZyIsInNsaWRlc2hvdyI6IjM2YzVhMWQifQ%3D%3D\" href='https:\/\/full-moon-gallery.de\/wp-content\/uploads\/2021\/02\/P1033201-scaled.jpg'><img loading=\"lazy\" width=\"150\" height=\"150\" src=\"https:\/\/full-moon-gallery.de\/wp-content\/uploads\/2021\/02\/P1033201-150x150.jpg\" class=\"attachment-thumbnail size-thumbnail\" alt=\"\" decoding=\"async\" \/><\/a>\n\t\t\t<\/div><\/figure><figure class='gallery-item'>\n\t\t\t<div class='gallery-icon landscape'>\n\t\t\t\t<a data-elementor-open-lightbox=\"yes\" data-elementor-lightbox-slideshow=\"36c5a1d\" data-elementor-lightbox-title=\"P1033202\" data-e-action-hash=\"#elementor-action%3Aaction%3Dlightbox%26settings%3DeyJpZCI6MTUzMiwidXJsIjoiaHR0cHM6XC9cL2Z1bGwtbW9vbi1nYWxsZXJ5LmRlXC93cC1jb250ZW50XC91cGxvYWRzXC8yMDIxXC8wMlwvUDEwMzMyMDItc2NhbGVkLmpwZyIsInNsaWRlc2hvdyI6IjM2YzVhMWQifQ%3D%3D\" href='https:\/\/full-moon-gallery.de\/wp-content\/uploads\/2021\/02\/P1033202-scaled.jpg'><img loading=\"lazy\" width=\"150\" height=\"150\" src=\"https:\/\/full-moon-gallery.de\/wp-content\/uploads\/2021\/02\/P1033202-150x150.jpg\" class=\"attachment-thumbnail size-thumbnail\" alt=\"\" decoding=\"async\" \/><\/a>\n\t\t\t<\/div><\/figure><figure class='gallery-item'>\n\t\t\t<div class='gallery-icon portrait'>\n\t\t\t\t<a data-elementor-open-lightbox=\"yes\" data-elementor-lightbox-slideshow=\"36c5a1d\" data-elementor-lightbox-title=\"P1033206\" data-e-action-hash=\"#elementor-action%3Aaction%3Dlightbox%26settings%3DeyJpZCI6MTUzMywidXJsIjoiaHR0cHM6XC9cL2Z1bGwtbW9vbi1nYWxsZXJ5LmRlXC93cC1jb250ZW50XC91cGxvYWRzXC8yMDIxXC8wMlwvUDEwMzMyMDYtc2NhbGVkLmpwZyIsInNsaWRlc2hvdyI6IjM2YzVhMWQifQ%3D%3D\" href='https:\/\/full-moon-gallery.de\/wp-content\/uploads\/2021\/02\/P1033206-scaled.jpg'><img loading=\"lazy\" width=\"150\" height=\"150\" src=\"https:\/\/full-moon-gallery.de\/wp-content\/uploads\/2021\/02\/P1033206-150x150.jpg\" class=\"attachment-thumbnail size-thumbnail\" alt=\"\" decoding=\"async\" \/><\/a>\n\t\t\t<\/div><\/figure><figure class='gallery-item'>\n\t\t\t<div class='gallery-icon landscape'>\n\t\t\t\t<a data-elementor-open-lightbox=\"yes\" data-elementor-lightbox-slideshow=\"36c5a1d\" data-elementor-lightbox-title=\"P1033207\" data-e-action-hash=\"#elementor-action%3Aaction%3Dlightbox%26settings%3DeyJpZCI6MTUzNCwidXJsIjoiaHR0cHM6XC9cL2Z1bGwtbW9vbi1nYWxsZXJ5LmRlXC93cC1jb250ZW50XC91cGxvYWRzXC8yMDIxXC8wMlwvUDEwMzMyMDctc2NhbGVkLmpwZyIsInNsaWRlc2hvdyI6IjM2YzVhMWQifQ%3D%3D\" href='https:\/\/full-moon-gallery.de\/wp-content\/uploads\/2021\/02\/P1033207-scaled.jpg'><img loading=\"lazy\" width=\"150\" height=\"150\" src=\"https:\/\/full-moon-gallery.de\/wp-content\/uploads\/2021\/02\/P1033207-150x150.jpg\" class=\"attachment-thumbnail size-thumbnail\" alt=\"\" decoding=\"async\" \/><\/a>\n\t\t\t<\/div><\/figure><figure class='gallery-item'>\n\t\t\t<div class='gallery-icon landscape'>\n\t\t\t\t<a data-elementor-open-lightbox=\"yes\" data-elementor-lightbox-slideshow=\"36c5a1d\" data-elementor-lightbox-title=\"P1033208\" data-e-action-hash=\"#elementor-action%3Aaction%3Dlightbox%26settings%3DeyJpZCI6MTUzNSwidXJsIjoiaHR0cHM6XC9cL2Z1bGwtbW9vbi1nYWxsZXJ5LmRlXC93cC1jb250ZW50XC91cGxvYWRzXC8yMDIxXC8wMlwvUDEwMzMyMDgtc2NhbGVkLmpwZyIsInNsaWRlc2hvdyI6IjM2YzVhMWQifQ%3D%3D\" href='https:\/\/full-moon-gallery.de\/wp-content\/uploads\/2021\/02\/P1033208-scaled.jpg'><img loading=\"lazy\" width=\"150\" height=\"150\" src=\"https:\/\/full-moon-gallery.de\/wp-content\/uploads\/2021\/02\/P1033208-150x150.jpg\" class=\"attachment-thumbnail size-thumbnail\" alt=\"\" decoding=\"async\" \/><\/a>\n\t\t\t<\/div><\/figure><figure class='gallery-item'>\n\t\t\t<div class='gallery-icon landscape'>\n\t\t\t\t<a data-elementor-open-lightbox=\"yes\" data-elementor-lightbox-slideshow=\"36c5a1d\" data-elementor-lightbox-title=\"P1033210\" data-e-action-hash=\"#elementor-action%3Aaction%3Dlightbox%26settings%3DeyJpZCI6MTUzNiwidXJsIjoiaHR0cHM6XC9cL2Z1bGwtbW9vbi1nYWxsZXJ5LmRlXC93cC1jb250ZW50XC91cGxvYWRzXC8yMDIxXC8wMlwvUDEwMzMyMTAtc2NhbGVkLmpwZyIsInNsaWRlc2hvdyI6IjM2YzVhMWQifQ%3D%3D\" href='https:\/\/full-moon-gallery.de\/wp-content\/uploads\/2021\/02\/P1033210-scaled.jpg'><img loading=\"lazy\" width=\"150\" height=\"150\" src=\"https:\/\/full-moon-gallery.de\/wp-content\/uploads\/2021\/02\/P1033210-150x150.jpg\" class=\"attachment-thumbnail size-thumbnail\" alt=\"\" decoding=\"async\" \/><\/a>\n\t\t\t<\/div><\/figure>\n\t\t<\/div>\n\t\t<\/div>\n\t\t\t\t<\/div>\n\t\t\t\t<\/div>\n\t\t\t\t\t<\/div>\n\t\t<\/div>\n\t\t\t\t\t<\/div>\n\t\t<\/section>\n\t\t\t\t<\/div>","protected":false},"excerpt":{"rendered":"<p>Support your local artist &#8221;Support your local artist&#8221; initiative is a solidarity action of Jugend- &amp; Kulturprojekt e.V. to the Dresden artists by giving them the window space of Full Moon Gallery as a constant art market till the end of the lock down. If you want to support the artists come around and buy unique art for very fair prices.If you are an artist and you would like to exhibit something on the windows please contact us via full-moon-gallery@jkpev.de! Some of the available artworks at &#8216;Full Moon Gallery&#8217;<\/p>","protected":false},"author":1,"featured_media":0,"parent":0,"menu_order":0,"comment_status":"closed","ping_status":"closed","template":"","meta":{"site-sidebar-layout":"no-sidebar","site-content-layout":"page-builder","ast-site-content-layout":"default","site-content-style":"default","site-sidebar-style":"default","ast-global-header-display":"","ast-banner-title-visibility":"","ast-main-header-display":"","ast-hfb-above-header-display":"","ast-hfb-below-header-display":"","ast-hfb-mobile-header-display":"","site-post-title":"disabled","ast-breadcrumbs-content":"","ast-featured-img":"disabled","footer-sml-layout":"","ast-disable-related-posts":"","theme-transparent-header-meta":"enabled","adv-header-id-meta":"","stick-header-meta":"","header-above-stick-meta":"","header-main-stick-meta":"","header-below-stick-meta":"","astra-migrate-meta-layouts":"default","ast-page-background-enabled":"default","ast-page-background-meta":{"desktop":{"background-color":"","background-image":"","background-repeat":"repeat","background-position":"center center","background-size":"auto","background-attachment":"scroll","background-type":"","background-media":"","overlay-type":"","overlay-color":"","overlay-opacity":"","overlay-gradient":""},"tablet":{"background-color":"","background-image":"","background-repeat":"repeat","background-position":"center center","background-size":"auto","background-attachment":"scroll","background-type":"","background-media":"","overlay-type":"","overlay-color":"","overlay-opacity":"","overlay-gradient":""},"mobile":{"background-color":"","background-image":"","background-repeat":"repeat","background-position":"center center","background-size":"auto","background-attachment":"scroll","background-type":"","background-media":"","overlay-type":"","overlay-color":"","overlay-opacity":"","overlay-gradient":""}},"ast-content-background-meta":{"desktop":{"background-color":"var(--ast-global-color-5)","background-image":"","background-repeat":"repeat","background-position":"center center","background-size":"auto","background-attachment":"scroll","background-type":"","background-media":"","overlay-type":"","overlay-color":"","overlay-opacity":"","overlay-gradient":""},"tablet":{"background-color":"var(--ast-global-color-5)","background-image":"","background-repeat":"repeat","background-position":"center center","background-size":"auto","background-attachment":"scroll","background-type":"","background-media":"","overlay-type":"","overlay-color":"","overlay-opacity":"","overlay-gradient":""},"mobile":{"background-color":"var(--ast-global-color-5)","background-image":"","background-repeat":"repeat","background-position":"center center","background-size":"auto","background-attachment":"scroll","background-type":"","background-media":"","overlay-type":"","overlay-color":"","overlay-opacity":"","overlay-gradient":""}}},"_links":{"self":[{"href":"https:\/\/full-moon-gallery.de\/de\/wp-json\/wp\/v2\/pages\/1430"}],"collection":[{"href":"https:\/\/full-moon-gallery.de\/de\/wp-json\/wp\/v2\/pages"}],"about":[{"href":"https:\/\/full-moon-gallery.de\/de\/wp-json\/wp\/v2\/types\/page"}],"author":[{"embeddable":true,"href":"https:\/\/full-moon-gallery.de\/de\/wp-json\/wp\/v2\/users\/1"}],"replies":[{"embeddable":true,"href":"https:\/\/full-moon-gallery.de\/de\/wp-json\/wp\/v2\/comments?post=1430"}],"version-history":[{"count":10,"href":"https:\/\/full-moon-gallery.de\/de\/wp-json\/wp\/v2\/pages\/1430\/revisions"}],"predecessor-version":[{"id":1758,"href":"https:\/\/full-moon-gallery.de\/de\/wp-json\/wp\/v2\/pages\/1430\/revisions\/1758"}],"wp:attachment":[{"href":"https:\/\/full-moon-gallery.de\/de\/wp-json\/wp\/v2\/media?parent=1430"}],"curies":[{"name":"wp","href":"https:\/\/api.w.org\/{rel}","templated":true}]}}